{"id":427,"date":"2021-05-25T09:24:18","date_gmt":"2021-05-25T07:24:18","guid":{"rendered":"http:\/\/www.domainelechery.com\/?page_id=427"},"modified":"2026-01-14T15:52:27","modified_gmt":"2026-01-14T14:52:27","slug":"tarifs","status":"publish","type":"page","link":"https:\/\/www.domainelechery.com\/en\/tarifs\/","title":{"rendered":"Tarifs et R\u00e9servations"},"content":{"rendered":"<div data-elementor-type=\"wp-page\" data-elementor-id=\"427\" class=\"elementor elementor-427\">\n\t\t\t\t\t\t<section class=\"elementor-section elementor-top-section elementor-element elementor-element-111d2cb4 elementor-section-content-middle elementor-section-boxed elementor-section-height-default elementor-section-height-default\" data-id=\"111d2cb4\" data-element_type=\"section\" data-settings=\"{&quot;background_background&quot;:&quot;classic&quot;}\">\n\t\t\t\t\t\t<div class=\"elementor-container elementor-column-gap-no\">\n\t\t\t\t\t<div class=\"elementor-column elementor-col-100 elementor-top-column elementor-element elementor-element-4c63dd18\" data-id=\"4c63dd18\" data-element_type=\"column\">\n\t\t\t<div class=\"elementor-widget-wrap elementor-element-populated\">\n\t\t\t\t\t\t<div class=\"elementor-element elementor-element-4f91288e elementor-widget elementor-widget-heading\" data-id=\"4f91288e\" data-element_type=\"widget\" data-widget_type=\"heading.default\">\n\t\t\t\t<div class=\"elementor-widget-container\">\n\t\t\t\t\t<h1 class=\"elementor-heading-title elementor-size-default\">NOS TARIFS<\/h1>\t\t\t\t<\/div>\n\t\t\t\t<\/div>\n\t\t\t\t<div class=\"elementor-element elementor-element-4be0f115 elementor-widget elementor-widget-text-editor\" data-id=\"4be0f115\" data-element_type=\"widget\" data-widget_type=\"text-editor.default\">\n\t\t\t\t<div class=\"elementor-widget-container\">\n\t\t\t\t\t\t\t\t\t<p>Our Domaine le Ch\u00e9ry has 10 suites with a private bathroom in each of them. Eight suites are located on the ground floor and two suites are located on the first floor. Our entire domain is accessible to people with reduced mobility. See our rates below.<\/p>\t\t\t\t\t\t\t\t<\/div>\n\t\t\t\t<\/div>\n\t\t\t\t<div class=\"elementor-element elementor-element-f571eb2 elementor-align-center elementor-widget elementor-widget-button\" data-id=\"f571eb2\" data-element_type=\"widget\" data-widget_type=\"button.default\">\n\t\t\t\t<div class=\"elementor-widget-container\">\n\t\t\t\t\t\t\t\t\t<div class=\"elementor-button-wrapper\">\n\t\t\t\t\t<a class=\"elementor-button elementor-button-link elementor-size-sm\" href=\"https:\/\/www.canva.com\/design\/DAFC2S9MPVc\/o6aBj2CnvpuBzX7W2u0dOA\/view?utm_content=DAFC2S9MPVc&#038;utm_campaign=designshare&#038;utm_medium=link2&#038;utm_source=uniquelinks&#038;utlId=h390a0cea5b\" target=\"_blank\">\n\t\t\t\t\t\t<span class=\"elementor-button-content-wrapper\">\n\t\t\t\t\t\t\t\t\t<span class=\"elementor-button-text\">T\u00c9L\u00c9CHARGER LA BROCHURE<\/span>\n\t\t\t\t\t<\/span>\n\t\t\t\t\t<\/a>\n\t\t\t\t<\/div>\n\t\t\t\t\t\t\t\t<\/div>\n\t\t\t\t<\/div>\n\t\t\t\t<div class=\"elementor-element elementor-element-f5db69a elementor-widget elementor-widget-image\" data-id=\"f5db69a\" data-element_type=\"widget\" data-widget_type=\"image.default\">\n\t\t\t\t<div class=\"elementor-widget-container\">\n\t\t\t\t\t\t\t\t\t\t\t\t\t\t\t<img fetchpriority=\"high\" decoding=\"async\" width=\"1024\" height=\"724\" src=\"https:\/\/www.domainelechery.com\/wp-content\/uploads\/2026\/01\/TARIF-CERDON-1024x724.png\" class=\"attachment-large size-large wp-image-2192\" alt=\"\" srcset=\"https:\/\/www.domainelechery.com\/wp-content\/uploads\/2026\/01\/TARIF-CERDON-1024x724.png 1024w, https:\/\/www.domainelechery.com\/wp-content\/uploads\/2026\/01\/TARIF-CERDON-300x212.png 300w, https:\/\/www.domainelechery.com\/wp-content\/uploads\/2026\/01\/TARIF-CERDON-768x543.png 768w, https:\/\/www.domainelechery.com\/wp-content\/uploads\/2026\/01\/TARIF-CERDON-1536x1086.png 1536w, https:\/\/www.domainelechery.com\/wp-content\/uploads\/2026\/01\/TARIF-CERDON-18x12.png 18w, https:\/\/www.domainelechery.com\/wp-content\/uploads\/2026\/01\/TARIF-CERDON.png 2000w\" sizes=\"(max-width: 1024px) 100vw, 1024px\" \/>\t\t\t\t\t\t\t\t\t\t\t\t\t\t\t<\/div>\n\t\t\t\t<\/div>\n\t\t\t\t<div class=\"elementor-element elementor-element-99f02b8 elementor-widget elementor-widget-image\" data-id=\"99f02b8\" data-element_type=\"widget\" data-widget_type=\"image.default\">\n\t\t\t\t<div class=\"elementor-widget-container\">\n\t\t\t\t\t\t\t\t\t\t\t\t\t\t\t<img decoding=\"async\" width=\"1024\" height=\"724\" src=\"https:\/\/www.domainelechery.com\/wp-content\/uploads\/2023\/06\/2-1024x724.png\" class=\"attachment-large size-large wp-image-2057\" alt=\"\" srcset=\"https:\/\/www.domainelechery.com\/wp-content\/uploads\/2023\/06\/2-1024x724.png 1024w, https:\/\/www.domainelechery.com\/wp-content\/uploads\/2023\/06\/2-300x212.png 300w, https:\/\/www.domainelechery.com\/wp-content\/uploads\/2023\/06\/2-768x543.png 768w, https:\/\/www.domainelechery.com\/wp-content\/uploads\/2023\/06\/2-1536x1086.png 1536w, https:\/\/www.domainelechery.com\/wp-content\/uploads\/2023\/06\/2-16x12.png 16w, https:\/\/www.domainelechery.com\/wp-content\/uploads\/2023\/06\/2.png 2000w\" sizes=\"(max-width: 1024px) 100vw, 1024px\" \/>\t\t\t\t\t\t\t\t\t\t\t\t\t\t\t<\/div>\n\t\t\t\t<\/div>\n\t\t\t\t<section class=\"elementor-section elementor-inner-section elementor-element elementor-element-9a11cd6 elementor-section-boxed elementor-section-height-default elementor-section-height-default\" data-id=\"9a11cd6\" data-element_type=\"section\">\n\t\t\t\t\t\t<div class=\"elementor-container elementor-column-gap-default\">\n\t\t\t\t\t<div class=\"elementor-column elementor-col-50 elementor-inner-column elementor-element elementor-element-5d75b8c0\" data-id=\"5d75b8c0\" data-element_type=\"column\">\n\t\t\t<div class=\"elementor-widget-wrap elementor-element-populated\">\n\t\t\t\t\t\t<div class=\"elementor-element elementor-element-68582862 elementor-widget elementor-widget-text-editor\" data-id=\"68582862\" data-element_type=\"widget\" data-widget_type=\"text-editor.default\">\n\t\t\t\t<div class=\"elementor-widget-container\">\n\t\t\t\t\t\t\t\t\t<p>Nos suites mettent \u00e0 votre disposition le linge de lit et de toilette, notre devise est \u00ab\u00a0se sentir comme \u00e0 la maison avec le service d\u2019un h\u00f4tel \u00ab\u00a0. Nous mettons \u00e9galement \u00e0 votre disposition des lits additionnels \u00e0 votre disposition (30\u20ac\/ lit simple avec linge de lit et toilette inclus).<\/p>\t\t\t\t\t\t\t\t<\/div>\n\t\t\t\t<\/div>\n\t\t\t\t\t<\/div>\n\t\t<\/div>\n\t\t\t\t<div class=\"elementor-column elementor-col-50 elementor-inner-column elementor-element elementor-element-61c6e932\" data-id=\"61c6e932\" data-element_type=\"column\">\n\t\t\t<div class=\"elementor-widget-wrap elementor-element-populated\">\n\t\t\t\t\t\t<div class=\"elementor-element elementor-element-25246518 elementor-widget elementor-widget-text-editor\" data-id=\"25246518\" data-element_type=\"widget\" data-widget_type=\"text-editor.default\">\n\t\t\t\t<div class=\"elementor-widget-container\">\n\t\t\t\t\t\t\t\t\t<p>Le Domaine le Ch\u00e9ry est enti\u00e8rement privatisable pour votre \u00e9v\u00e9nement, en semaine, en week-end. Nous avons diff\u00e9rentes options disponibles qui vous permettra d&rsquo;adapter au mieux vos besoins.\u00a0<br \/>La r\u00e9alisation d\u2019\u00e9v\u00e9nement dans le parc du Domaine est tout \u00e0 fait possible. Nous serons ravis de pouvoir r\u00e9aliser vos demandes.<\/p><p>Contactez Marion, qui vous aidera \u00e0 mettre tout en oeuvre pour que cet \u00e9v\u00e9nement soit inoubliable !<\/p>\t\t\t\t\t\t\t\t<\/div>\n\t\t\t\t<\/div>\n\t\t\t\t\t<\/div>\n\t\t<\/div>\n\t\t\t\t\t<\/div>\n\t\t<\/section>\n\t\t\t\t\t<\/div>\n\t\t<\/div>\n\t\t\t\t\t<\/div>\n\t\t<\/section>\n\t\t\t\t<section class=\"elementor-section elementor-top-section elementor-element elementor-element-7fbef09 elementor-section-boxed elementor-section-height-default elementor-section-height-default\" data-id=\"7fbef09\" data-element_type=\"section\" data-settings=\"{&quot;background_background&quot;:&quot;classic&quot;,&quot;shape_divider_top&quot;:&quot;arrow&quot;}\">\n\t\t\t\t\t\t\t<div class=\"elementor-background-overlay\"><\/div>\n\t\t\t\t\t\t<div class=\"elementor-shape elementor-shape-top\" aria-hidden=\"true\" data-negative=\"false\">\n\t\t\t<svg xmlns=\"http:\/\/www.w3.org\/2000\/svg\" viewbox=\"0 0 700 10\" preserveaspectratio=\"none\">\n\t<path class=\"elementor-shape-fill\" d=\"M350,10L340,0h20L350,10z\"\/>\n<\/svg>\t\t<\/div>\n\t\t\t\t\t<div class=\"elementor-container elementor-column-gap-default\">\n\t\t\t\t\t<div class=\"elementor-column elementor-col-100 elementor-top-column elementor-element elementor-element-e6fec3a\" data-id=\"e6fec3a\" data-element_type=\"column\">\n\t\t\t<div class=\"elementor-widget-wrap elementor-element-populated\">\n\t\t\t\t\t\t<div class=\"elementor-element elementor-element-c0b6c22 elementor-widget elementor-widget-heading\" data-id=\"c0b6c22\" data-element_type=\"widget\" data-widget_type=\"heading.default\">\n\t\t\t\t<div class=\"elementor-widget-container\">\n\t\t\t\t\t<h1 class=\"elementor-heading-title elementor-size-default\">CALENDRIER DES R\u00c9SERVATIONS<\/h1>\t\t\t\t<\/div>\n\t\t\t\t<\/div>\n\t\t\t\t<div class=\"elementor-element elementor-element-24f5557 elementor-widget elementor-widget-text-editor\" data-id=\"24f5557\" data-element_type=\"widget\" data-widget_type=\"text-editor.default\">\n\t\t\t\t<div class=\"elementor-widget-container\">\n\t\t\t\t\t\t\t\t\t<iframe src=\"https:\/\/calendar.google.com\/calendar\/embed?src=domainelechery%40gmail.com&#038;ctz=Europe%2FParis\" style=\"border: 0\" width=\"800\" height=\"600\" frameborder=\"0\" scrolling=\"no\"><\/iframe>\t\t\t\t\t\t\t\t<\/div>\n\t\t\t\t<\/div>\n\t\t\t\t\t<\/div>\n\t\t<\/div>\n\t\t\t\t\t<\/div>\n\t\t<\/section>\n\t\t\t\t<\/div>","protected":false},"excerpt":{"rendered":"<p>NOS TARIFS Notre Domaine le Ch\u00e9ry dispose de 10 suites avec une salle de bain privative dans chacune d\u2019entre elles. Huit suites sont situ\u00e9es au rez-de-chauss\u00e9e et deux suites sont situ\u00e9es \u00e0 l\u2019\u00e9tage. Tout notre domaine est accessible aux personnes \u00e0 mobilit\u00e9 r\u00e9duite. Retrouvez nos tarifs ci-dessous. T\u00c9L\u00c9CHARGER LA BROCHURE Nos suites mettent \u00e0 votre&#8230;<\/p>","protected":false},"author":1,"featured_media":0,"parent":0,"menu_order":0,"comment_status":"closed","ping_status":"closed","template":"","meta":{"_monsterinsights_skip_tracking":false,"_monsterinsights_sitenote_active":false,"_monsterinsights_sitenote_note":"","_monsterinsights_sitenote_category":0,"_kad_post_transparent":"","_kad_post_title":"hide","_kad_post_layout":"fullwidth","_kad_post_sidebar_id":"","_kad_post_content_style":"unboxed","_kad_post_vertical_padding":"hide","_kad_post_feature":"hide","_kad_post_feature_position":"","_kad_post_header":false,"_kad_post_footer":false,"footnotes":""},"class_list":["post-427","page","type-page","status-publish","hentry"],"yoast_head":"<!-- This site is optimized with the Yoast SEO plugin v27.4 - https:\/\/yoast.com\/product\/yoast-seo-wordpress\/ -->\n<title>Nos tarifs - Domaine le Chery : mariage et r\u00e9ception d&#039;\u00e9v\u00e9nement<\/title>\n<meta name=\"description\" content=\"Retrouvez nos offres \/ tarifs pour a location du domaine le Chery en Sologne dans la r\u00e9gion Centre Val de Loire. 4 formules disponibles.\" \/>\n<meta name=\"robots\" content=\"index, follow, max-snippet:-1, max-image-preview:large, max-video-preview:-1\" \/>\n<link rel=\"canonical\" href=\"https:\/\/www.domainelechery.com\/en\/tarifs\/\" \/>\n<meta property=\"og:locale\" content=\"en_GB\" \/>\n<meta property=\"og:type\" content=\"article\" \/>\n<meta property=\"og:title\" content=\"Nos tarifs - Domaine le Chery : mariage et r\u00e9ception d&#039;\u00e9v\u00e9nement\" \/>\n<meta property=\"og:description\" content=\"Retrouvez nos offres \/ tarifs pour a location du domaine le Chery en Sologne dans la r\u00e9gion Centre Val de Loire. 4 formules disponibles.\" \/>\n<meta property=\"og:url\" content=\"https:\/\/www.domainelechery.com\/en\/tarifs\/\" \/>\n<meta property=\"og:site_name\" content=\"domainelechery\" \/>\n<meta property=\"article:publisher\" content=\"https:\/\/www.facebook.com\/domainelechery\/\" \/>\n<meta property=\"article:modified_time\" content=\"2026-01-14T14:52:27+00:00\" \/>\n<meta property=\"og:image\" content=\"https:\/\/www.domainelechery.com\/wp-content\/uploads\/2026\/01\/TARIF-CERDON.png\" \/>\n\t<meta property=\"og:image:width\" content=\"2000\" \/>\n\t<meta property=\"og:image:height\" content=\"1414\" \/>\n\t<meta property=\"og:image:type\" content=\"image\/png\" \/>\n<meta name=\"twitter:card\" content=\"summary_large_image\" \/>\n<meta name=\"twitter:label1\" content=\"Estimated reading time\" \/>\n\t<meta name=\"twitter:data1\" content=\"2 minutes\" \/>\n<script type=\"application\/ld+json\" class=\"yoast-schema-graph\">{\"@context\":\"https:\\\/\\\/schema.org\",\"@graph\":[{\"@type\":\"WebPage\",\"@id\":\"https:\\\/\\\/www.domainelechery.com\\\/tarifs\\\/\",\"url\":\"https:\\\/\\\/www.domainelechery.com\\\/tarifs\\\/\",\"name\":\"Nos tarifs - Domaine le Chery : mariage et r\u00e9ception d'\u00e9v\u00e9nement\",\"isPartOf\":{\"@id\":\"https:\\\/\\\/www.domainelechery.com\\\/#website\"},\"primaryImageOfPage\":{\"@id\":\"https:\\\/\\\/www.domainelechery.com\\\/tarifs\\\/#primaryimage\"},\"image\":{\"@id\":\"https:\\\/\\\/www.domainelechery.com\\\/tarifs\\\/#primaryimage\"},\"thumbnailUrl\":\"https:\\\/\\\/www.domainelechery.com\\\/wp-content\\\/uploads\\\/2026\\\/01\\\/TARIF-CERDON-1024x724.png\",\"datePublished\":\"2021-05-25T07:24:18+00:00\",\"dateModified\":\"2026-01-14T14:52:27+00:00\",\"description\":\"Retrouvez nos offres \\\/ tarifs pour a location du domaine le Chery en Sologne dans la r\u00e9gion Centre Val de Loire. 4 formules disponibles.\",\"breadcrumb\":{\"@id\":\"https:\\\/\\\/www.domainelechery.com\\\/tarifs\\\/#breadcrumb\"},\"inLanguage\":\"en-GB\",\"potentialAction\":[{\"@type\":\"ReadAction\",\"target\":[\"https:\\\/\\\/www.domainelechery.com\\\/tarifs\\\/\"]}]},{\"@type\":\"ImageObject\",\"inLanguage\":\"en-GB\",\"@id\":\"https:\\\/\\\/www.domainelechery.com\\\/tarifs\\\/#primaryimage\",\"url\":\"https:\\\/\\\/www.domainelechery.com\\\/wp-content\\\/uploads\\\/2026\\\/01\\\/TARIF-CERDON-1024x724.png\",\"contentUrl\":\"https:\\\/\\\/www.domainelechery.com\\\/wp-content\\\/uploads\\\/2026\\\/01\\\/TARIF-CERDON-1024x724.png\"},{\"@type\":\"BreadcrumbList\",\"@id\":\"https:\\\/\\\/www.domainelechery.com\\\/tarifs\\\/#breadcrumb\",\"itemListElement\":[{\"@type\":\"ListItem\",\"position\":1,\"name\":\"Accueil\",\"item\":\"https:\\\/\\\/www.domainelechery.com\\\/\"},{\"@type\":\"ListItem\",\"position\":2,\"name\":\"Tarifs et R\u00e9servations\"}]},{\"@type\":\"WebSite\",\"@id\":\"https:\\\/\\\/www.domainelechery.com\\\/#website\",\"url\":\"https:\\\/\\\/www.domainelechery.com\\\/\",\"name\":\"domainelechery\",\"description\":\"Un domaine exceptionnel situ\u00e9 aux coeur de la Sologne en r\u00e9gion Centre-Val de Loire, disponible pour vos r\u00e9ceptions, \u00e9v\u00e9nements, mariages, s\u00e9minaires\",\"publisher\":{\"@id\":\"https:\\\/\\\/www.domainelechery.com\\\/#organization\"},\"potentialAction\":[{\"@type\":\"SearchAction\",\"target\":{\"@type\":\"EntryPoint\",\"urlTemplate\":\"https:\\\/\\\/www.domainelechery.com\\\/?s={search_term_string}\"},\"query-input\":{\"@type\":\"PropertyValueSpecification\",\"valueRequired\":true,\"valueName\":\"search_term_string\"}}],\"inLanguage\":\"en-GB\"},{\"@type\":\"Organization\",\"@id\":\"https:\\\/\\\/www.domainelechery.com\\\/#organization\",\"name\":\"Domaine le Chery\",\"url\":\"https:\\\/\\\/www.domainelechery.com\\\/\",\"logo\":{\"@type\":\"ImageObject\",\"inLanguage\":\"en-GB\",\"@id\":\"https:\\\/\\\/www.domainelechery.com\\\/#\\\/schema\\\/logo\\\/image\\\/\",\"url\":\"https:\\\/\\\/www.domainelechery.com\\\/wp-content\\\/uploads\\\/2021\\\/05\\\/logo.png\",\"contentUrl\":\"https:\\\/\\\/www.domainelechery.com\\\/wp-content\\\/uploads\\\/2021\\\/05\\\/logo.png\",\"width\":768,\"height\":233,\"caption\":\"Domaine le Chery\"},\"image\":{\"@id\":\"https:\\\/\\\/www.domainelechery.com\\\/#\\\/schema\\\/logo\\\/image\\\/\"},\"sameAs\":[\"https:\\\/\\\/www.facebook.com\\\/domainelechery\\\/\",\"https:\\\/\\\/www.instagram.com\\\/domaine_le_chery\\\/\"]}]}<\/script>\n<!-- \/ Yoast SEO plugin. -->","yoast_head_json":{"title":"Nos tarifs - Domaine le Chery : mariage et r\u00e9ception d'\u00e9v\u00e9nement","description":"Retrouvez nos offres \/ tarifs pour a location du domaine le Chery en Sologne dans la r\u00e9gion Centre Val de Loire. 4 formules disponibles.","robots":{"index":"index","follow":"follow","max-snippet":"max-snippet:-1","max-image-preview":"max-image-preview:large","max-video-preview":"max-video-preview:-1"},"canonical":"https:\/\/www.domainelechery.com\/en\/tarifs\/","og_locale":"en_GB","og_type":"article","og_title":"Nos tarifs - Domaine le Chery : mariage et r\u00e9ception d'\u00e9v\u00e9nement","og_description":"Retrouvez nos offres \/ tarifs pour a location du domaine le Chery en Sologne dans la r\u00e9gion Centre Val de Loire. 4 formules disponibles.","og_url":"https:\/\/www.domainelechery.com\/en\/tarifs\/","og_site_name":"domainelechery","article_publisher":"https:\/\/www.facebook.com\/domainelechery\/","article_modified_time":"2026-01-14T14:52:27+00:00","og_image":[{"width":2000,"height":1414,"url":"https:\/\/www.domainelechery.com\/wp-content\/uploads\/2026\/01\/TARIF-CERDON.png","type":"image\/png"}],"twitter_card":"summary_large_image","twitter_misc":{"Estimated reading time":"2 minutes"},"schema":{"@context":"https:\/\/schema.org","@graph":[{"@type":"WebPage","@id":"https:\/\/www.domainelechery.com\/tarifs\/","url":"https:\/\/www.domainelechery.com\/tarifs\/","name":"Nos tarifs - Domaine le Chery : mariage et r\u00e9ception d'\u00e9v\u00e9nement","isPartOf":{"@id":"https:\/\/www.domainelechery.com\/#website"},"primaryImageOfPage":{"@id":"https:\/\/www.domainelechery.com\/tarifs\/#primaryimage"},"image":{"@id":"https:\/\/www.domainelechery.com\/tarifs\/#primaryimage"},"thumbnailUrl":"https:\/\/www.domainelechery.com\/wp-content\/uploads\/2026\/01\/TARIF-CERDON-1024x724.png","datePublished":"2021-05-25T07:24:18+00:00","dateModified":"2026-01-14T14:52:27+00:00","description":"Retrouvez nos offres \/ tarifs pour a location du domaine le Chery en Sologne dans la r\u00e9gion Centre Val de Loire. 4 formules disponibles.","breadcrumb":{"@id":"https:\/\/www.domainelechery.com\/tarifs\/#breadcrumb"},"inLanguage":"en-GB","potentialAction":[{"@type":"ReadAction","target":["https:\/\/www.domainelechery.com\/tarifs\/"]}]},{"@type":"ImageObject","inLanguage":"en-GB","@id":"https:\/\/www.domainelechery.com\/tarifs\/#primaryimage","url":"https:\/\/www.domainelechery.com\/wp-content\/uploads\/2026\/01\/TARIF-CERDON-1024x724.png","contentUrl":"https:\/\/www.domainelechery.com\/wp-content\/uploads\/2026\/01\/TARIF-CERDON-1024x724.png"},{"@type":"BreadcrumbList","@id":"https:\/\/www.domainelechery.com\/tarifs\/#breadcrumb","itemListElement":[{"@type":"ListItem","position":1,"name":"Accueil","item":"https:\/\/www.domainelechery.com\/"},{"@type":"ListItem","position":2,"name":"Tarifs et R\u00e9servations"}]},{"@type":"WebSite","@id":"https:\/\/www.domainelechery.com\/#website","url":"https:\/\/www.domainelechery.com\/","name":"domainelechery","description":"Un domaine exceptionnel situ\u00e9 aux coeur de la Sologne en r\u00e9gion Centre-Val de Loire, disponible pour vos r\u00e9ceptions, \u00e9v\u00e9nements, mariages, s\u00e9minaires","publisher":{"@id":"https:\/\/www.domainelechery.com\/#organization"},"potentialAction":[{"@type":"SearchAction","target":{"@type":"EntryPoint","urlTemplate":"https:\/\/www.domainelechery.com\/?s={search_term_string}"},"query-input":{"@type":"PropertyValueSpecification","valueRequired":true,"valueName":"search_term_string"}}],"inLanguage":"en-GB"},{"@type":"Organization","@id":"https:\/\/www.domainelechery.com\/#organization","name":"Domaine le Chery","url":"https:\/\/www.domainelechery.com\/","logo":{"@type":"ImageObject","inLanguage":"en-GB","@id":"https:\/\/www.domainelechery.com\/#\/schema\/logo\/image\/","url":"https:\/\/www.domainelechery.com\/wp-content\/uploads\/2021\/05\/logo.png","contentUrl":"https:\/\/www.domainelechery.com\/wp-content\/uploads\/2021\/05\/logo.png","width":768,"height":233,"caption":"Domaine le Chery"},"image":{"@id":"https:\/\/www.domainelechery.com\/#\/schema\/logo\/image\/"},"sameAs":["https:\/\/www.facebook.com\/domainelechery\/","https:\/\/www.instagram.com\/domaine_le_chery\/"]}]}},"_links":{"self":[{"href":"https:\/\/www.domainelechery.com\/en\/wp-json\/wp\/v2\/pages\/427","targetHints":{"allow":["GET"]}}],"collection":[{"href":"https:\/\/www.domainelechery.com\/en\/wp-json\/wp\/v2\/pages"}],"about":[{"href":"https:\/\/www.domainelechery.com\/en\/wp-json\/wp\/v2\/types\/page"}],"author":[{"embeddable":true,"href":"https:\/\/www.domainelechery.com\/en\/wp-json\/wp\/v2\/users\/1"}],"replies":[{"embeddable":true,"href":"https:\/\/www.domainelechery.com\/en\/wp-json\/wp\/v2\/comments?post=427"}],"version-history":[{"count":144,"href":"https:\/\/www.domainelechery.com\/en\/wp-json\/wp\/v2\/pages\/427\/revisions"}],"predecessor-version":[{"id":2195,"href":"https:\/\/www.domainelechery.com\/en\/wp-json\/wp\/v2\/pages\/427\/revisions\/2195"}],"wp:attachment":[{"href":"https:\/\/www.domainelechery.com\/en\/wp-json\/wp\/v2\/media?parent=427"}],"curies":[{"name":"wp","href":"https:\/\/api.w.org\/{rel}","templated":true}]}}