{"id":454,"date":"2021-05-25T10:46:48","date_gmt":"2021-05-25T08:46:48","guid":{"rendered":"http:\/\/www.domainelechery.com\/?page_id=454"},"modified":"2025-07-23T16:02:16","modified_gmt":"2025-07-23T14:02:16","slug":"mariage","status":"publish","type":"page","link":"https:\/\/www.domainelechery.com\/en\/mariage\/","title":{"rendered":"Wedding"},"content":{"rendered":"<p hidden=\"\">Ce texte est pr\u00e9sent dans l&rsquo;objectif d&rsquo;augmenter la visibilit\u00e9 du site. Afin que. Ainsi que. Deuxi\u00e8mement. \u00c9galement. Donc. Ensuite. Ou bien. En deuxi\u00e8me lieu. Par ailleurs. Pour prendre un autre exemple; Pr\u00e9c\u00e9demment. Sans parler de. Tout en reconnaissant que. \u00c0 ce jour, \u00e0 ce propos, \u00e0 ce sujet, \u00e0 cet \u00e9gard, \u00e0 compter de, \u00e0 condition que, \u00e0 d\u00e9faut de, \u00e0 force de, \u00e0 juste titre, \u00e0 (la) condition que, \u00e0 la lumi\u00e8re de, \u00e0 l\u2019aide de, \u00e0 l\u2019appui de, \u00e0 l\u2019encontre de, \u00e0 l\u2019\u00e9poque actuelle, \u00e0 l\u2019exception de, \u00e0 l\u2019exclusion de, \u00e0 l\u2019heure actuelle, \u00e0 l\u2019image de, \u00e0 l\u2019instar de, \u00e0 mesure que, \u00e0 moins que, \u00e0 nouveau, \u00e0 partir de, \u00e0 savoir, \u00e0 supposer que, \u00e0 tel point que. Car, C&rsquo;est-\u00e0-dire. En effet. Effectivement. \u00c9tant donn\u00e9 que. Puisque. Entre autres. Mariage. Par exemple. Autant dire que. Domaine le chery en outre. Or. Puis. D&rsquo;abord Sologne ensuite.<\/p>\n<h2>Your wedding at Domaine le Ch\u00e9ry<\/h2>\n<h2>Wedding<\/h2>\n<p>\t\t\t<a href=\"http:\/\/www.domainelechery.com\/en\/galerie-photo\/\"><br \/>\n\t\t\t\t\t\tOur gallery<br \/>\n\t\t\t\t\t<\/a><\/p>\n<h3>DOMAINE Le Chery<\/h3>\n<p>Informations<\/p>\n<p>Nous sommes \u00e0 votre \u00e9coute pour toutes vos demandes.<br \/>Notre Domaine le Ch\u00e9ry dispose de 10 suites avec une salle de bain privative dans chacune d\u2019entre elles. 8 suites sont situ\u00e9es au rez de chauss\u00e9e et 2 suites sont situ\u00e9es \u00e0 l\u2019\u00e9tage. Tout notre domaine est accessible aux personnes \u00e0 mobilit\u00e9 r\u00e9duite.<br \/>Le Domaine le Ch\u00e9ry est enti\u00e8rement privatisable pour le week-end \u00e0 partir du vendredi\u00a0 au dimanche.<br \/>Nos suites disposent de linge de lit et de toilette. Nous mettons \u00e9galement \u00e0 votre disposition des lits d\u2019appoints \u00e0 votre disposition (30\u20ac\/ lit simple).\u00a0<br \/>Afin de vous apporter le meilleur des services, nous vous mettons \u00e0 disposition le mobilier int\u00e9rieur et ext\u00e9rieur (tables rondes, tables ovales, chaises, manges-debouts) n\u00e9cessaire pour votre \u00e9v\u00e9nement.<\/p>\n<h3>mariage sur mesure<\/h3>\n<p>Rien que pour vous <\/p>\n<p>\u25ae Mise \u00e0 disposition de la salle de r\u00e9ception avec une capacit\u00e9 d&rsquo;accueil jusqu\u2019\u00e0 100 personnes assises<\/p>\n<p>\u25ae Mise \u00e0 disposition d\u2019un office traiteur avec chambre froide<\/p>\n<p>\u25ae Privatisation du parc avec vue sur les \u00e9tangs<\/p>\n<p>\u25ae Alimentation eau, \u00e9lectricit\u00e9 et chauffage<\/p>\n<p>\u25ae Parking s\u00e9curis\u00e9<\/p>\n<p>\u25ae Un gardien discret est \u00e0 votre disposition (loge au sein du Domaine dans une maison ext\u00e9rieure)<\/p>\n<p>Celebrate the most beautiful day of your life in an exceptional and unique place at Domaine le Ch\u00e9ry<\/p>\n<h3>Are you attracted to Le chery?<\/h3>\n<p>\t\t\t<a href=\"http:\/\/www.domainelechery.com\/en\/contact\/\"><br \/>\n\t\t\t\t\t\tContact us<br \/>\n\t\t\t\t\t<\/a><\/p>","protected":false},"excerpt":{"rendered":"<p>Ce texte est pr\u00e9sent dans l&rsquo;objectif d&rsquo;augmenter la visibilit\u00e9 du site. Afin que. Ainsi que. Deuxi\u00e8mement. \u00c9galement. Donc. Ensuite. Ou bien. En deuxi\u00e8me lieu. Par ailleurs. Pour prendre un autre exemple; Pr\u00e9c\u00e9demment. Sans parler de. Tout en reconnaissant que. \u00c0 ce jour, \u00e0 ce propos, \u00e0 ce sujet, \u00e0 cet \u00e9gard, \u00e0 compter de, \u00e0&#8230;<\/p>","protected":false},"author":1,"featured_media":0,"parent":0,"menu_order":0,"comment_status":"closed","ping_status":"closed","template":"","meta":{"_monsterinsights_skip_tracking":false,"_monsterinsights_sitenote_active":false,"_monsterinsights_sitenote_note":"","_monsterinsights_sitenote_category":0,"_kad_post_transparent":"","_kad_post_title":"hide","_kad_post_layout":"fullwidth","_kad_post_sidebar_id":"","_kad_post_content_style":"unboxed","_kad_post_vertical_padding":"hide","_kad_post_feature":"hide","_kad_post_feature_position":"","_kad_post_header":false,"_kad_post_footer":false,"footnotes":""},"class_list":["post-454","page","type-page","status-publish","hentry"],"yoast_head":"<!-- This site is optimized with the Yoast SEO plugin v27.4 - https:\/\/yoast.com\/product\/yoast-seo-wordpress\/ -->\n<title>Organiser votre mariage au domaine le Chery en Sologne<\/title>\n<meta name=\"description\" content=\"Nous mettons \u00e0 votre disposition un domaine somptueux pour recevoir votre mariage avec de nombreuses suites et une \u00e9norme salle de r\u00e9ception.\" \/>\n<meta name=\"robots\" content=\"index, follow, max-snippet:-1, max-image-preview:large, max-video-preview:-1\" \/>\n<link rel=\"canonical\" href=\"https:\/\/www.domainelechery.com\/en\/mariage\/\" \/>\n<meta property=\"og:locale\" content=\"en_GB\" \/>\n<meta property=\"og:type\" content=\"article\" \/>\n<meta property=\"og:title\" content=\"mariage domaine le Chery en Sologne\" \/>\n<meta property=\"og:description\" content=\"Nous mettons \u00e0 votre disposition un domaine somptueux pour recevoir votre mariage avec de nombreuses suites et une \u00e9norme salle de r\u00e9ception.\" \/>\n<meta property=\"og:url\" content=\"https:\/\/www.domainelechery.com\/en\/mariage\/\" \/>\n<meta property=\"og:site_name\" content=\"domainelechery\" \/>\n<meta property=\"article:publisher\" content=\"https:\/\/www.facebook.com\/domainelechery\/\" \/>\n<meta property=\"article:modified_time\" content=\"2025-07-23T14:02:16+00:00\" \/>\n<meta property=\"og:image\" content=\"https:\/\/www.domainelechery.com\/wp-content\/uploads\/2021\/05\/mariage-domaine-le-chery-scaled.jpeg\" \/>\n\t<meta property=\"og:image:width\" content=\"2560\" \/>\n\t<meta property=\"og:image:height\" content=\"1707\" \/>\n\t<meta property=\"og:image:type\" content=\"image\/jpeg\" \/>\n<meta name=\"twitter:card\" content=\"summary_large_image\" \/>\n<meta name=\"twitter:title\" content=\"mariage domaine le Chery en Sologne\" \/>\n<meta name=\"twitter:description\" content=\"Nous mettons \u00e0 votre disposition un domaine somptueux pour recevoir votre mariage avec de nombreuses suites et une \u00e9norme salle de r\u00e9ception.\" \/>\n<meta name=\"twitter:image\" content=\"https:\/\/www.domainelechery.com\/wp-content\/uploads\/2021\/05\/mariage-domaine-le-chery-scaled.jpeg\" \/>\n<meta name=\"twitter:label1\" content=\"Estimated reading time\" \/>\n\t<meta name=\"twitter:data1\" content=\"2 minutes\" \/>\n<script type=\"application\/ld+json\" class=\"yoast-schema-graph\">{\"@context\":\"https:\\\/\\\/schema.org\",\"@graph\":[{\"@type\":\"WebPage\",\"@id\":\"https:\\\/\\\/www.domainelechery.com\\\/mariage\\\/\",\"url\":\"https:\\\/\\\/www.domainelechery.com\\\/mariage\\\/\",\"name\":\"Organiser votre mariage au domaine le Chery en Sologne\",\"isPartOf\":{\"@id\":\"https:\\\/\\\/www.domainelechery.com\\\/#website\"},\"datePublished\":\"2021-05-25T08:46:48+00:00\",\"dateModified\":\"2025-07-23T14:02:16+00:00\",\"description\":\"Nous mettons \u00e0 votre disposition un domaine somptueux pour recevoir votre mariage avec de nombreuses suites et une \u00e9norme salle de r\u00e9ception.\",\"breadcrumb\":{\"@id\":\"https:\\\/\\\/www.domainelechery.com\\\/mariage\\\/#breadcrumb\"},\"inLanguage\":\"en-GB\",\"potentialAction\":[{\"@type\":\"ReadAction\",\"target\":[\"https:\\\/\\\/www.domainelechery.com\\\/mariage\\\/\"]}]},{\"@type\":\"BreadcrumbList\",\"@id\":\"https:\\\/\\\/www.domainelechery.com\\\/mariage\\\/#breadcrumb\",\"itemListElement\":[{\"@type\":\"ListItem\",\"position\":1,\"name\":\"Accueil\",\"item\":\"https:\\\/\\\/www.domainelechery.com\\\/\"},{\"@type\":\"ListItem\",\"position\":2,\"name\":\"Mariage\"}]},{\"@type\":\"WebSite\",\"@id\":\"https:\\\/\\\/www.domainelechery.com\\\/#website\",\"url\":\"https:\\\/\\\/www.domainelechery.com\\\/\",\"name\":\"domainelechery\",\"description\":\"Un domaine exceptionnel situ\u00e9 aux coeur de la Sologne en r\u00e9gion Centre-Val de Loire, disponible pour vos r\u00e9ceptions, \u00e9v\u00e9nements, mariages, s\u00e9minaires\",\"publisher\":{\"@id\":\"https:\\\/\\\/www.domainelechery.com\\\/#organization\"},\"potentialAction\":[{\"@type\":\"SearchAction\",\"target\":{\"@type\":\"EntryPoint\",\"urlTemplate\":\"https:\\\/\\\/www.domainelechery.com\\\/?s={search_term_string}\"},\"query-input\":{\"@type\":\"PropertyValueSpecification\",\"valueRequired\":true,\"valueName\":\"search_term_string\"}}],\"inLanguage\":\"en-GB\"},{\"@type\":\"Organization\",\"@id\":\"https:\\\/\\\/www.domainelechery.com\\\/#organization\",\"name\":\"Domaine le Chery\",\"url\":\"https:\\\/\\\/www.domainelechery.com\\\/\",\"logo\":{\"@type\":\"ImageObject\",\"inLanguage\":\"en-GB\",\"@id\":\"https:\\\/\\\/www.domainelechery.com\\\/#\\\/schema\\\/logo\\\/image\\\/\",\"url\":\"https:\\\/\\\/www.domainelechery.com\\\/wp-content\\\/uploads\\\/2021\\\/05\\\/logo.png\",\"contentUrl\":\"https:\\\/\\\/www.domainelechery.com\\\/wp-content\\\/uploads\\\/2021\\\/05\\\/logo.png\",\"width\":768,\"height\":233,\"caption\":\"Domaine le Chery\"},\"image\":{\"@id\":\"https:\\\/\\\/www.domainelechery.com\\\/#\\\/schema\\\/logo\\\/image\\\/\"},\"sameAs\":[\"https:\\\/\\\/www.facebook.com\\\/domainelechery\\\/\",\"https:\\\/\\\/www.instagram.com\\\/domaine_le_chery\\\/\"]}]}<\/script>\n<!-- \/ Yoast SEO plugin. -->","yoast_head_json":{"title":"Organiser votre mariage au domaine le Chery en Sologne","description":"Nous mettons \u00e0 votre disposition un domaine somptueux pour recevoir votre mariage avec de nombreuses suites et une \u00e9norme salle de r\u00e9ception.","robots":{"index":"index","follow":"follow","max-snippet":"max-snippet:-1","max-image-preview":"max-image-preview:large","max-video-preview":"max-video-preview:-1"},"canonical":"https:\/\/www.domainelechery.com\/en\/mariage\/","og_locale":"en_GB","og_type":"article","og_title":"mariage domaine le Chery en Sologne","og_description":"Nous mettons \u00e0 votre disposition un domaine somptueux pour recevoir votre mariage avec de nombreuses suites et une \u00e9norme salle de r\u00e9ception.","og_url":"https:\/\/www.domainelechery.com\/en\/mariage\/","og_site_name":"domainelechery","article_publisher":"https:\/\/www.facebook.com\/domainelechery\/","article_modified_time":"2025-07-23T14:02:16+00:00","og_image":[{"width":2560,"height":1707,"url":"https:\/\/www.domainelechery.com\/wp-content\/uploads\/2021\/05\/mariage-domaine-le-chery-scaled.jpeg","type":"image\/jpeg"}],"twitter_card":"summary_large_image","twitter_title":"mariage domaine le Chery en Sologne","twitter_description":"Nous mettons \u00e0 votre disposition un domaine somptueux pour recevoir votre mariage avec de nombreuses suites et une \u00e9norme salle de r\u00e9ception.","twitter_image":"https:\/\/www.domainelechery.com\/wp-content\/uploads\/2021\/05\/mariage-domaine-le-chery-scaled.jpeg","twitter_misc":{"Estimated reading time":"2 minutes"},"schema":{"@context":"https:\/\/schema.org","@graph":[{"@type":"WebPage","@id":"https:\/\/www.domainelechery.com\/mariage\/","url":"https:\/\/www.domainelechery.com\/mariage\/","name":"Organiser votre mariage au domaine le Chery en Sologne","isPartOf":{"@id":"https:\/\/www.domainelechery.com\/#website"},"datePublished":"2021-05-25T08:46:48+00:00","dateModified":"2025-07-23T14:02:16+00:00","description":"Nous mettons \u00e0 votre disposition un domaine somptueux pour recevoir votre mariage avec de nombreuses suites et une \u00e9norme salle de r\u00e9ception.","breadcrumb":{"@id":"https:\/\/www.domainelechery.com\/mariage\/#breadcrumb"},"inLanguage":"en-GB","potentialAction":[{"@type":"ReadAction","target":["https:\/\/www.domainelechery.com\/mariage\/"]}]},{"@type":"BreadcrumbList","@id":"https:\/\/www.domainelechery.com\/mariage\/#breadcrumb","itemListElement":[{"@type":"ListItem","position":1,"name":"Accueil","item":"https:\/\/www.domainelechery.com\/"},{"@type":"ListItem","position":2,"name":"Mariage"}]},{"@type":"WebSite","@id":"https:\/\/www.domainelechery.com\/#website","url":"https:\/\/www.domainelechery.com\/","name":"domainelechery","description":"Un domaine exceptionnel situ\u00e9 aux coeur de la Sologne en r\u00e9gion Centre-Val de Loire, disponible pour vos r\u00e9ceptions, \u00e9v\u00e9nements, mariages, s\u00e9minaires","publisher":{"@id":"https:\/\/www.domainelechery.com\/#organization"},"potentialAction":[{"@type":"SearchAction","target":{"@type":"EntryPoint","urlTemplate":"https:\/\/www.domainelechery.com\/?s={search_term_string}"},"query-input":{"@type":"PropertyValueSpecification","valueRequired":true,"valueName":"search_term_string"}}],"inLanguage":"en-GB"},{"@type":"Organization","@id":"https:\/\/www.domainelechery.com\/#organization","name":"Domaine le Chery","url":"https:\/\/www.domainelechery.com\/","logo":{"@type":"ImageObject","inLanguage":"en-GB","@id":"https:\/\/www.domainelechery.com\/#\/schema\/logo\/image\/","url":"https:\/\/www.domainelechery.com\/wp-content\/uploads\/2021\/05\/logo.png","contentUrl":"https:\/\/www.domainelechery.com\/wp-content\/uploads\/2021\/05\/logo.png","width":768,"height":233,"caption":"Domaine le Chery"},"image":{"@id":"https:\/\/www.domainelechery.com\/#\/schema\/logo\/image\/"},"sameAs":["https:\/\/www.facebook.com\/domainelechery\/","https:\/\/www.instagram.com\/domaine_le_chery\/"]}]}},"_links":{"self":[{"href":"https:\/\/www.domainelechery.com\/en\/wp-json\/wp\/v2\/pages\/454","targetHints":{"allow":["GET"]}}],"collection":[{"href":"https:\/\/www.domainelechery.com\/en\/wp-json\/wp\/v2\/pages"}],"about":[{"href":"https:\/\/www.domainelechery.com\/en\/wp-json\/wp\/v2\/types\/page"}],"author":[{"embeddable":true,"href":"https:\/\/www.domainelechery.com\/en\/wp-json\/wp\/v2\/users\/1"}],"replies":[{"embeddable":true,"href":"https:\/\/www.domainelechery.com\/en\/wp-json\/wp\/v2\/comments?post=454"}],"version-history":[{"count":87,"href":"https:\/\/www.domainelechery.com\/en\/wp-json\/wp\/v2\/pages\/454\/revisions"}],"predecessor-version":[{"id":2163,"href":"https:\/\/www.domainelechery.com\/en\/wp-json\/wp\/v2\/pages\/454\/revisions\/2163"}],"wp:attachment":[{"href":"https:\/\/www.domainelechery.com\/en\/wp-json\/wp\/v2\/media?parent=454"}],"curies":[{"name":"wp","href":"https:\/\/api.w.org\/{rel}","templated":true}]}}