{"id":679,"date":"2021-05-25T15:55:17","date_gmt":"2021-05-25T13:55:17","guid":{"rendered":"http:\/\/www.domainelechery.com\/?page_id=679"},"modified":"2021-06-04T11:39:15","modified_gmt":"2021-06-04T09:39:15","slug":"tournages-et-shooting-photos","status":"publish","type":"page","link":"https:\/\/www.domainelechery.com\/en\/tournages-et-shooting-photos\/","title":{"rendered":"Photo shoots and filming"},"content":{"rendered":"<div data-elementor-type=\"wp-page\" data-elementor-id=\"679\" class=\"elementor elementor-679\">\n\t\t\t\t\t\t<section class=\"elementor-section elementor-top-section elementor-element elementor-element-58adc69 elementor-section-items-top elementor-section-height-min-height elementor-section-boxed elementor-section-height-default\" data-id=\"58adc69\" data-element_type=\"section\" data-settings=\"{&quot;background_background&quot;:&quot;classic&quot;}\">\n\t\t\t\t\t\t\t<div class=\"elementor-background-overlay\"><\/div>\n\t\t\t\t\t\t\t<div class=\"elementor-container elementor-column-gap-default\">\n\t\t\t\t\t<div class=\"elementor-column elementor-col-100 elementor-top-column elementor-element elementor-element-68c8f7b\" data-id=\"68c8f7b\" data-element_type=\"column\">\n\t\t\t<div class=\"elementor-widget-wrap elementor-element-populated\">\n\t\t\t\t\t\t<div class=\"elementor-element elementor-element-7f92c7e elementor-widget elementor-widget-text-editor\" data-id=\"7f92c7e\" data-element_type=\"widget\" data-widget_type=\"text-editor.default\">\n\t\t\t\t<div class=\"elementor-widget-container\">\n\t\t\t\t\t\t\t\t\t<p hidden=\"\">Tournages Puisque. Puisque. Puisque. Ce texte est pr\u00e9sent dans l&rsquo;objectif d&rsquo;augmenter la visibilit\u00e9 du site. Afin que. Ainsi que. Avant tout. De surcroit. Deuxi\u00e8mement. \u00c9galement. Donc. Ensuite. Ou bien. En deuxi\u00e8me lieu. Par ailleurs. Pour prendre un autre exemple; Pr\u00e9c\u00e9demment. Sans parler de. Tout en reconnaissant que. \u00c0 ce jour, \u00e0 ce propos, \u00e0 ce sujet, \u00e0 cet \u00e9gard, \u00e0 compter de, \u00e0 condition que, \u00e0 d\u00e9faut de, \u00e0 force de, \u00e0 juste titre, \u00e0 (la) condition que, \u00e0 la lumi\u00e8re de, \u00e0 l\u2019aide de, \u00e0 l\u2019appui de, \u00e0 l\u2019encontre de, \u00e0 l\u2019\u00e9poque actuelle, \u00e0 l\u2019exception de, \u00e0 l\u2019exclusion de, \u00e0 l\u2019heure actuelle, \u00e0 l\u2019image de, \u00e0 l\u2019instar de, \u00e0 mesure que, \u00e0 moins que, \u00e0 nouveau, \u00e0 partir de, \u00e0 savoir, \u00e0 supposer que, \u00e0 tel point que. Car, C&rsquo;est-\u00e0-dire. En effet. Effectivement. \u00c9tant donn\u00e9 que. Puisque. Entre autres. Notamment. Mot. Verbe. R\u00e9ception<\/p>\t\t\t\t\t\t\t\t<\/div>\n\t\t\t\t<\/div>\n\t\t\t\t<div class=\"elementor-element elementor-element-c23113d elementor-widget elementor-widget-heading\" data-id=\"c23113d\" data-element_type=\"widget\" data-widget_type=\"heading.default\">\n\t\t\t\t<div class=\"elementor-widget-container\">\n\t\t\t\t\t<h2 class=\"elementor-heading-title elementor-size-large\"><span data-elementor-setting-key=\"title\" data-pen-placeholder=\"\u00c9crivez ici...\" data-gramm=\"false\" style=\"margin-top: 1.5em;margin-bottom: 0.5em\">TOURNAGES <\/span><span data-elementor-setting-key=\"title\" data-pen-placeholder=\"\u00c9crivez ici...\" data-gramm=\"false\" style=\"margin-top: 1.5em;margin-bottom: 0.5em\">ET <\/span>Shooting photos<\/h2>\t\t\t\t<\/div>\n\t\t\t\t<\/div>\n\t\t\t\t<div class=\"elementor-element elementor-element-325f9dc elementor-widget elementor-widget-heading\" data-id=\"325f9dc\" data-element_type=\"widget\" data-widget_type=\"heading.default\">\n\t\t\t\t<div class=\"elementor-widget-container\">\n\t\t\t\t\t<h2 class=\"elementor-heading-title elementor-size-large\">Domaine le Chery<\/h2>\t\t\t\t<\/div>\n\t\t\t\t<\/div>\n\t\t\t\t<div class=\"elementor-element elementor-element-a7f1d17 elementor-widget-divider--view-line elementor-widget elementor-widget-divider\" data-id=\"a7f1d17\" data-element_type=\"widget\" data-widget_type=\"divider.default\">\n\t\t\t\t<div class=\"elementor-widget-container\">\n\t\t\t\t\t\t\t<div class=\"elementor-divider\">\n\t\t\t<span class=\"elementor-divider-separator\">\n\t\t\t\t\t\t<\/span>\n\t\t<\/div>\n\t\t\t\t\t\t<\/div>\n\t\t\t\t<\/div>\n\t\t\t\t\t<\/div>\n\t\t<\/div>\n\t\t\t\t\t<\/div>\n\t\t<\/section>\n\t\t\t\t<section class=\"elementor-section elementor-top-section elementor-element elementor-element-2ed589fe elementor-section-content-middle elementor-section-boxed elementor-section-height-default elementor-section-height-default\" data-id=\"2ed589fe\" data-element_type=\"section\" data-settings=\"{&quot;background_background&quot;:&quot;classic&quot;}\">\n\t\t\t\t\t\t<div class=\"elementor-container elementor-column-gap-no\">\n\t\t\t\t\t<div class=\"elementor-column elementor-col-100 elementor-top-column elementor-element elementor-element-2fdf2f6b\" data-id=\"2fdf2f6b\" data-element_type=\"column\">\n\t\t\t<div class=\"elementor-widget-wrap elementor-element-populated\">\n\t\t\t\t\t\t<div class=\"elementor-element elementor-element-65e11a3e elementor-widget elementor-widget-heading\" data-id=\"65e11a3e\" data-element_type=\"widget\" data-widget_type=\"heading.default\">\n\t\t\t\t<div class=\"elementor-widget-container\">\n\t\t\t\t\t<h2 class=\"elementor-heading-title elementor-size-default\">Choisissez le Domaine le Ch\u00e9ry pour vos tournages et s\u00e9ances photos exclusives<\/h2>\t\t\t\t<\/div>\n\t\t\t\t<\/div>\n\t\t\t\t<div class=\"elementor-element elementor-element-54ceec95 elementor-widget elementor-widget-text-editor\" data-id=\"54ceec95\" data-element_type=\"widget\" data-widget_type=\"text-editor.default\">\n\t\t\t\t<div class=\"elementor-widget-container\">\n\t\t\t\t\t\t\t\t\tUn Domaine d\u2019exception disposant d\u2019un parc de 11 hectares avec deux \u00e9tangs rien que pour vous.\nLe Domaine le Ch\u00e9ry peut \u00eatre lou\u00e9 en ext\u00e9rieur comme en int\u00e9rieur pour des tournages de films, des prises de vues. Il est \u00e9galement possible d\u2019y organiser des s\u00e9ances photos et des shootings photos.\nUne pr\u00e9sentation d\u2019un produit ? Une campagne publicitaire ? Un tournage de clip vid\u00e9o ? Un tournage de film ? Tout est possible au Domaine le Ch\u00e9ry.\nNous mettons \u00e0 votre disposition l\u2019int\u00e9gralit\u00e9 de notre Domaine pour la journ\u00e9e, le week-end.\nContactez-nous directement pour plus d\u2019informations.\t\t\t\t\t\t\t\t<\/div>\n\t\t\t\t<\/div>\n\t\t\t\t<div class=\"elementor-element elementor-element-ca587bd elementor-align-center elementor-widget elementor-widget-button\" data-id=\"ca587bd\" data-element_type=\"widget\" data-widget_type=\"button.default\">\n\t\t\t\t<div class=\"elementor-widget-container\">\n\t\t\t\t\t\t\t\t\t<div class=\"elementor-button-wrapper\">\n\t\t\t\t\t<a class=\"elementor-button elementor-button-link elementor-size-lg\" href=\"http:\/\/www.domainelechery.com\/en\/contact\/\">\n\t\t\t\t\t\t<span class=\"elementor-button-content-wrapper\">\n\t\t\t\t\t\t\t\t\t<span class=\"elementor-button-text\">Contact<\/span>\n\t\t\t\t\t<\/span>\n\t\t\t\t\t<\/a>\n\t\t\t\t<\/div>\n\t\t\t\t\t\t\t\t<\/div>\n\t\t\t\t<\/div>\n\t\t\t\t\t<\/div>\n\t\t<\/div>\n\t\t\t\t\t<\/div>\n\t\t<\/section>\n\t\t\t\t<section class=\"elementor-section elementor-top-section elementor-element elementor-element-be46ec6 elementor-section-boxed elementor-section-height-default elementor-section-height-default\" data-id=\"be46ec6\" data-element_type=\"section\">\n\t\t\t\t\t\t<div class=\"elementor-container elementor-column-gap-default\">\n\t\t\t\t\t<div class=\"elementor-column elementor-col-100 elementor-top-column elementor-element elementor-element-15b0312\" data-id=\"15b0312\" data-element_type=\"column\">\n\t\t\t<div class=\"elementor-widget-wrap elementor-element-populated\">\n\t\t\t\t\t\t<div class=\"elementor-element elementor-element-99d797b elementor-widget elementor-widget-text-editor\" data-id=\"99d797b\" data-element_type=\"widget\" data-widget_type=\"text-editor.default\">\n\t\t\t\t<div class=\"elementor-widget-container\">\n\t\t\t\t\t\t\t\t\t<p hidden=\"\">Ce texte est pr\u00e9sent dans l&rsquo;objectif d&rsquo;augmenter la visibilit\u00e9 du site. Afin que. Ainsi que. Avant tout. De surcroit. Deuxi\u00e8mement. \u00c9galement. Donc. Ensuite. Ou bien. En deuxi\u00e8me lieu. Par ailleurs. Pour prendre un autre exemple; Pr\u00e9c\u00e9demment. Sans parler de. Tout en reconnaissant que. \u00c0 ce jour, \u00e0 ce propos, \u00e0 ce sujet, \u00e0 cet \u00e9gard, \u00e0 compter de, \u00e0 condition que, \u00e0 d\u00e9faut de, \u00e0 force de, \u00e0 juste titre, \u00e0 (la) condition que, \u00e0 la lumi\u00e8re de, \u00e0 l\u2019aide de, \u00e0 l\u2019appui de, \u00e0 l\u2019encontre de, \u00e0 l\u2019\u00e9poque actuelle, \u00e0 l\u2019exception de, \u00e0 l\u2019exclusion de, \u00e0 l\u2019heure actuelle, \u00e0 l\u2019image de, \u00e0 l\u2019instar de, \u00e0 mesure que, \u00e0 moins que, \u00e0 nouveau, \u00e0 partir de, \u00e0 savoir, \u00e0 supposer que, \u00e0 tel point que. Car, C&rsquo;est-\u00e0-dire. En effet. Effectivement. \u00c9tant donn\u00e9 que. Puisque. Entre autres. Notamment. Par exemple. Autant dire que. Tournages en outre. Or. Puis. D&rsquo;abord Tournages ensuite.<\/p>\t\t\t\t\t\t\t\t<\/div>\n\t\t\t\t<\/div>\n\t\t\t\t\t<\/div>\n\t\t<\/div>\n\t\t\t\t\t<\/div>\n\t\t<\/section>\n\t\t\t\t<\/div>","protected":false},"excerpt":{"rendered":"<p>Tournages Puisque. Puisque. Puisque. Ce texte est pr\u00e9sent dans l&rsquo;objectif d&rsquo;augmenter la visibilit\u00e9 du site. Afin que. Ainsi que. Avant tout. De surcroit. Deuxi\u00e8mement. \u00c9galement. Donc. Ensuite. Ou bien. En deuxi\u00e8me lieu. Par ailleurs. Pour prendre un autre exemple; Pr\u00e9c\u00e9demment. Sans parler de. Tout en reconnaissant que. \u00c0 ce jour, \u00e0 ce propos, \u00e0 ce&#8230;<\/p>","protected":false},"author":1,"featured_media":0,"parent":0,"menu_order":0,"comment_status":"closed","ping_status":"closed","template":"","meta":{"_monsterinsights_skip_tracking":false,"_monsterinsights_sitenote_active":false,"_monsterinsights_sitenote_note":"","_monsterinsights_sitenote_category":0,"_kad_post_transparent":"","_kad_post_title":"hide","_kad_post_layout":"fullwidth","_kad_post_sidebar_id":"","_kad_post_content_style":"unboxed","_kad_post_vertical_padding":"hide","_kad_post_feature":"hide","_kad_post_feature_position":"","_kad_post_header":false,"_kad_post_footer":false,"footnotes":""},"class_list":["post-679","page","type-page","status-publish","hentry"],"yoast_head":"<!-- This site is optimized with the Yoast SEO plugin v27.4 - https:\/\/yoast.com\/product\/yoast-seo-wordpress\/ -->\n<title>Tournages et shootting photos au domaine le Chery<\/title>\n<meta name=\"description\" content=\"Il est possible d\u2019organiser des s\u00e9ances photos ainsi que des tournages au domaine le Chery en Sologne dans la r\u00e9gion Centre Val de Loire.\" \/>\n<meta name=\"robots\" content=\"index, follow, max-snippet:-1, max-image-preview:large, max-video-preview:-1\" \/>\n<link rel=\"canonical\" href=\"https:\/\/www.domainelechery.com\/en\/tournages-et-shooting-photos\/\" \/>\n<meta property=\"og:locale\" content=\"en_GB\" \/>\n<meta property=\"og:type\" content=\"article\" \/>\n<meta property=\"og:title\" content=\"Tournages et shootting photos au domaine le Chery\" \/>\n<meta property=\"og:description\" content=\"Il est possible d\u2019organiser des s\u00e9ances photos ainsi que des tournages au domaine le Chery en Sologne dans la r\u00e9gion Centre Val de Loire.\" \/>\n<meta property=\"og:url\" content=\"https:\/\/www.domainelechery.com\/en\/tournages-et-shooting-photos\/\" \/>\n<meta property=\"og:site_name\" content=\"domainelechery\" \/>\n<meta property=\"article:publisher\" content=\"https:\/\/www.facebook.com\/domainelechery\/\" \/>\n<meta property=\"article:modified_time\" content=\"2021-06-04T09:39:15+00:00\" \/>\n<meta property=\"og:image\" content=\"https:\/\/www.domainelechery.com\/wp-content\/uploads\/2021\/05\/decor.png\" \/>\n\t<meta property=\"og:image:width\" content=\"764\" \/>\n\t<meta property=\"og:image:height\" content=\"884\" \/>\n\t<meta property=\"og:image:type\" content=\"image\/png\" \/>\n<meta name=\"twitter:card\" content=\"summary_large_image\" \/>\n<meta name=\"twitter:title\" content=\"Tournages et shootting photos au domaine le Chery\" \/>\n<meta name=\"twitter:description\" content=\"Il est possible d\u2019organiser des s\u00e9ances photos ainsi que des tournages au domaine le Chery en Sologne dans la r\u00e9gion Centre Val de Loire.\" \/>\n<meta name=\"twitter:image\" content=\"https:\/\/www.domainelechery.com\/wp-content\/uploads\/2021\/05\/decor.png\" \/>\n<meta name=\"twitter:label1\" content=\"Estimated reading time\" \/>\n\t<meta name=\"twitter:data1\" content=\"2 minutes\" \/>\n<script type=\"application\/ld+json\" class=\"yoast-schema-graph\">{\"@context\":\"https:\\\/\\\/schema.org\",\"@graph\":[{\"@type\":\"WebPage\",\"@id\":\"https:\\\/\\\/www.domainelechery.com\\\/en\\\/tournages-et-shooting-photos\\\/\",\"url\":\"https:\\\/\\\/www.domainelechery.com\\\/en\\\/tournages-et-shooting-photos\\\/\",\"name\":\"Tournages et shootting photos au domaine le Chery\",\"isPartOf\":{\"@id\":\"https:\\\/\\\/www.domainelechery.com\\\/#website\"},\"datePublished\":\"2021-05-25T13:55:17+00:00\",\"dateModified\":\"2021-06-04T09:39:15+00:00\",\"description\":\"Il est possible d\u2019organiser des s\u00e9ances photos ainsi que des tournages au domaine le Chery en Sologne dans la r\u00e9gion Centre Val de Loire.\",\"breadcrumb\":{\"@id\":\"https:\\\/\\\/www.domainelechery.com\\\/en\\\/tournages-et-shooting-photos\\\/#breadcrumb\"},\"inLanguage\":\"en-GB\",\"potentialAction\":[{\"@type\":\"ReadAction\",\"target\":[\"https:\\\/\\\/www.domainelechery.com\\\/en\\\/tournages-et-shooting-photos\\\/\"]}]},{\"@type\":\"BreadcrumbList\",\"@id\":\"https:\\\/\\\/www.domainelechery.com\\\/en\\\/tournages-et-shooting-photos\\\/#breadcrumb\",\"itemListElement\":[{\"@type\":\"ListItem\",\"position\":1,\"name\":\"Accueil\",\"item\":\"https:\\\/\\\/www.domainelechery.com\\\/\"},{\"@type\":\"ListItem\",\"position\":2,\"name\":\"Shooting photos et tournages\"}]},{\"@type\":\"WebSite\",\"@id\":\"https:\\\/\\\/www.domainelechery.com\\\/#website\",\"url\":\"https:\\\/\\\/www.domainelechery.com\\\/\",\"name\":\"domainelechery\",\"description\":\"Un domaine exceptionnel situ\u00e9 aux coeur de la Sologne en r\u00e9gion Centre-Val de Loire, disponible pour vos r\u00e9ceptions, \u00e9v\u00e9nements, mariages, s\u00e9minaires\",\"publisher\":{\"@id\":\"https:\\\/\\\/www.domainelechery.com\\\/#organization\"},\"potentialAction\":[{\"@type\":\"SearchAction\",\"target\":{\"@type\":\"EntryPoint\",\"urlTemplate\":\"https:\\\/\\\/www.domainelechery.com\\\/?s={search_term_string}\"},\"query-input\":{\"@type\":\"PropertyValueSpecification\",\"valueRequired\":true,\"valueName\":\"search_term_string\"}}],\"inLanguage\":\"en-GB\"},{\"@type\":\"Organization\",\"@id\":\"https:\\\/\\\/www.domainelechery.com\\\/#organization\",\"name\":\"Domaine le Chery\",\"url\":\"https:\\\/\\\/www.domainelechery.com\\\/\",\"logo\":{\"@type\":\"ImageObject\",\"inLanguage\":\"en-GB\",\"@id\":\"https:\\\/\\\/www.domainelechery.com\\\/#\\\/schema\\\/logo\\\/image\\\/\",\"url\":\"https:\\\/\\\/www.domainelechery.com\\\/wp-content\\\/uploads\\\/2021\\\/05\\\/logo.png\",\"contentUrl\":\"https:\\\/\\\/www.domainelechery.com\\\/wp-content\\\/uploads\\\/2021\\\/05\\\/logo.png\",\"width\":768,\"height\":233,\"caption\":\"Domaine le Chery\"},\"image\":{\"@id\":\"https:\\\/\\\/www.domainelechery.com\\\/#\\\/schema\\\/logo\\\/image\\\/\"},\"sameAs\":[\"https:\\\/\\\/www.facebook.com\\\/domainelechery\\\/\",\"https:\\\/\\\/www.instagram.com\\\/domaine_le_chery\\\/\"]}]}<\/script>\n<!-- \/ Yoast SEO plugin. -->","yoast_head_json":{"title":"Tournages et shootting photos au domaine le Chery","description":"Il est possible d\u2019organiser des s\u00e9ances photos ainsi que des tournages au domaine le Chery en Sologne dans la r\u00e9gion Centre Val de Loire.","robots":{"index":"index","follow":"follow","max-snippet":"max-snippet:-1","max-image-preview":"max-image-preview:large","max-video-preview":"max-video-preview:-1"},"canonical":"https:\/\/www.domainelechery.com\/en\/tournages-et-shooting-photos\/","og_locale":"en_GB","og_type":"article","og_title":"Tournages et shootting photos au domaine le Chery","og_description":"Il est possible d\u2019organiser des s\u00e9ances photos ainsi que des tournages au domaine le Chery en Sologne dans la r\u00e9gion Centre Val de Loire.","og_url":"https:\/\/www.domainelechery.com\/en\/tournages-et-shooting-photos\/","og_site_name":"domainelechery","article_publisher":"https:\/\/www.facebook.com\/domainelechery\/","article_modified_time":"2021-06-04T09:39:15+00:00","og_image":[{"width":764,"height":884,"url":"https:\/\/www.domainelechery.com\/wp-content\/uploads\/2021\/05\/decor.png","type":"image\/png"}],"twitter_card":"summary_large_image","twitter_title":"Tournages et shootting photos au domaine le Chery","twitter_description":"Il est possible d\u2019organiser des s\u00e9ances photos ainsi que des tournages au domaine le Chery en Sologne dans la r\u00e9gion Centre Val de Loire.","twitter_image":"https:\/\/www.domainelechery.com\/wp-content\/uploads\/2021\/05\/decor.png","twitter_misc":{"Estimated reading time":"2 minutes"},"schema":{"@context":"https:\/\/schema.org","@graph":[{"@type":"WebPage","@id":"https:\/\/www.domainelechery.com\/en\/tournages-et-shooting-photos\/","url":"https:\/\/www.domainelechery.com\/en\/tournages-et-shooting-photos\/","name":"Tournages et shootting photos au domaine le Chery","isPartOf":{"@id":"https:\/\/www.domainelechery.com\/#website"},"datePublished":"2021-05-25T13:55:17+00:00","dateModified":"2021-06-04T09:39:15+00:00","description":"Il est possible d\u2019organiser des s\u00e9ances photos ainsi que des tournages au domaine le Chery en Sologne dans la r\u00e9gion Centre Val de Loire.","breadcrumb":{"@id":"https:\/\/www.domainelechery.com\/en\/tournages-et-shooting-photos\/#breadcrumb"},"inLanguage":"en-GB","potentialAction":[{"@type":"ReadAction","target":["https:\/\/www.domainelechery.com\/en\/tournages-et-shooting-photos\/"]}]},{"@type":"BreadcrumbList","@id":"https:\/\/www.domainelechery.com\/en\/tournages-et-shooting-photos\/#breadcrumb","itemListElement":[{"@type":"ListItem","position":1,"name":"Accueil","item":"https:\/\/www.domainelechery.com\/"},{"@type":"ListItem","position":2,"name":"Shooting photos et tournages"}]},{"@type":"WebSite","@id":"https:\/\/www.domainelechery.com\/#website","url":"https:\/\/www.domainelechery.com\/","name":"domainelechery","description":"Un domaine exceptionnel situ\u00e9 aux coeur de la Sologne en r\u00e9gion Centre-Val de Loire, disponible pour vos r\u00e9ceptions, \u00e9v\u00e9nements, mariages, s\u00e9minaires","publisher":{"@id":"https:\/\/www.domainelechery.com\/#organization"},"potentialAction":[{"@type":"SearchAction","target":{"@type":"EntryPoint","urlTemplate":"https:\/\/www.domainelechery.com\/?s={search_term_string}"},"query-input":{"@type":"PropertyValueSpecification","valueRequired":true,"valueName":"search_term_string"}}],"inLanguage":"en-GB"},{"@type":"Organization","@id":"https:\/\/www.domainelechery.com\/#organization","name":"Domaine le Chery","url":"https:\/\/www.domainelechery.com\/","logo":{"@type":"ImageObject","inLanguage":"en-GB","@id":"https:\/\/www.domainelechery.com\/#\/schema\/logo\/image\/","url":"https:\/\/www.domainelechery.com\/wp-content\/uploads\/2021\/05\/logo.png","contentUrl":"https:\/\/www.domainelechery.com\/wp-content\/uploads\/2021\/05\/logo.png","width":768,"height":233,"caption":"Domaine le Chery"},"image":{"@id":"https:\/\/www.domainelechery.com\/#\/schema\/logo\/image\/"},"sameAs":["https:\/\/www.facebook.com\/domainelechery\/","https:\/\/www.instagram.com\/domaine_le_chery\/"]}]}},"_links":{"self":[{"href":"https:\/\/www.domainelechery.com\/en\/wp-json\/wp\/v2\/pages\/679","targetHints":{"allow":["GET"]}}],"collection":[{"href":"https:\/\/www.domainelechery.com\/en\/wp-json\/wp\/v2\/pages"}],"about":[{"href":"https:\/\/www.domainelechery.com\/en\/wp-json\/wp\/v2\/types\/page"}],"author":[{"embeddable":true,"href":"https:\/\/www.domainelechery.com\/en\/wp-json\/wp\/v2\/users\/1"}],"replies":[{"embeddable":true,"href":"https:\/\/www.domainelechery.com\/en\/wp-json\/wp\/v2\/comments?post=679"}],"version-history":[{"count":22,"href":"https:\/\/www.domainelechery.com\/en\/wp-json\/wp\/v2\/pages\/679\/revisions"}],"predecessor-version":[{"id":1325,"href":"https:\/\/www.domainelechery.com\/en\/wp-json\/wp\/v2\/pages\/679\/revisions\/1325"}],"wp:attachment":[{"href":"https:\/\/www.domainelechery.com\/en\/wp-json\/wp\/v2\/media?parent=679"}],"curies":[{"name":"wp","href":"https:\/\/api.w.org\/{rel}","templated":true}]}}